{"id":31338,"date":"2025-05-07T09:59:44","date_gmt":"2025-05-07T02:59:44","guid":{"rendered":"https:\/\/midoai.edu.vn\/thiet-ke-website\/?post_type=product&#038;p=31338"},"modified":"2025-09-20T11:09:53","modified_gmt":"2025-09-20T04:09:53","slug":"mau-web-dong-trung-ha-thao-001","status":"publish","type":"product","link":"https:\/\/midoai.edu.vn\/thiet-ke-website\/mau-web-dong-trung-ha-thao-001\/","title":{"rendered":"M\u1eabu web \u0110\u00f4ng tr\u00f9ng h\u1ea1 th\u1ea3o 001"},"content":{"rendered":"","protected":false},"excerpt":{"rendered":"","protected":false},"featured_media":31339,"comment_status":"closed","ping_status":"closed","template":"","meta":{"_acf_changed":false,"inline_featured_image":false},"cong-cu":[52],"product_brand":[],"product_cat":[51],"product_tag":[],"class_list":{"0":"post-31338","1":"product","2":"type-product","3":"status-publish","4":"has-post-thumbnail","6":"cong-cu-flatsome","7":"product_cat-ban-hang","9":"first","10":"instock","11":"virtual","12":"purchasable","13":"product-type-simple"},"acf":[],"_links":{"self":[{"href":"https:\/\/midoai.edu.vn\/thiet-ke-website\/wp-json\/wp\/v2\/product\/31338","targetHints":{"allow":["GET"]}}],"collection":[{"href":"https:\/\/midoai.edu.vn\/thiet-ke-website\/wp-json\/wp\/v2\/product"}],"about":[{"href":"https:\/\/midoai.edu.vn\/thiet-ke-website\/wp-json\/wp\/v2\/types\/product"}],"replies":[{"embeddable":true,"href":"https:\/\/midoai.edu.vn\/thiet-ke-website\/wp-json\/wp\/v2\/comments?post=31338"}],"wp:featuredmedia":[{"embeddable":true,"href":"https:\/\/midoai.edu.vn\/thiet-ke-website\/wp-json\/wp\/v2\/media\/31339"}],"wp:attachment":[{"href":"https:\/\/midoai.edu.vn\/thiet-ke-website\/wp-json\/wp\/v2\/media?parent=31338"}],"wp:term":[{"taxonomy":"cong-cu","embeddable":true,"href":"https:\/\/midoai.edu.vn\/thiet-ke-website\/wp-json\/wp\/v2\/cong-cu?post=31338"},{"taxonomy":"product_brand","embeddable":true,"href":"https:\/\/midoai.edu.vn\/thiet-ke-website\/wp-json\/wp\/v2\/product_brand?post=31338"},{"taxonomy":"product_cat","embeddable":true,"href":"https:\/\/midoai.edu.vn\/thiet-ke-website\/wp-json\/wp\/v2\/product_cat?post=31338"},{"taxonomy":"product_tag","embeddable":true,"href":"https:\/\/midoai.edu.vn\/thiet-ke-website\/wp-json\/wp\/v2\/product_tag?post=31338"}],"curies":[{"name":"wp","href":"https:\/\/api.w.org\/{rel}","templated":true}]}}